{"id":1770,"date":"2023-11-06T10:15:02","date_gmt":"2023-11-06T10:15:02","guid":{"rendered":"https:\/\/www.dornerwein.at\/?page_id=1770"},"modified":"2023-11-07T18:59:07","modified_gmt":"2023-11-07T18:59:07","slug":"impressum","status":"publish","type":"page","link":"https:\/\/www.dornerwein.at\/index.php\/impressum\/","title":{"rendered":"Impressum"},"content":{"rendered":"\t\t<div data-elementor-type=\"wp-page\" data-elementor-id=\"1770\" class=\"elementor elementor-1770\" data-elementor-post-type=\"page\">\n\t\t\t\t\t\t<section class=\"elementor-section elementor-top-section elementor-element elementor-element-1c640f3 elementor-section-boxed elementor-section-height-default elementor-section-height-default\" data-id=\"1c640f3\" data-element_type=\"section\" data-e-type=\"section\">\n\t\t\t\t\t\t<div class=\"elementor-container elementor-column-gap-default\">\n\t\t\t\t\t<div class=\"elementor-column elementor-col-100 elementor-top-column elementor-element elementor-element-b51da15\" data-id=\"b51da15\" data-element_type=\"column\" data-e-type=\"column\">\n\t\t\t<div class=\"elementor-widget-wrap elementor-element-populated\">\n\t\t\t\t\t\t<div class=\"elementor-element elementor-element-442e978 elementor-widget elementor-widget-heading\" data-id=\"442e978\" data-element_type=\"widget\" data-e-type=\"widget\" data-widget_type=\"heading.default\">\n\t\t\t\t<div class=\"elementor-widget-container\">\n\t\t\t\t\t<h2 class=\"elementor-heading-title elementor-size-default\">Impressum<\/h2>\t\t\t\t<\/div>\n\t\t\t\t<\/div>\n\t\t\t\t\t<\/div>\n\t\t<\/div>\n\t\t\t\t\t<\/div>\n\t\t<\/section>\n\t\t\t\t<section class=\"elementor-section elementor-top-section elementor-element elementor-element-d47d715 elementor-section-boxed elementor-section-height-default elementor-section-height-default\" data-id=\"d47d715\" data-element_type=\"section\" data-e-type=\"section\">\n\t\t\t\t\t\t<div class=\"elementor-container elementor-column-gap-default\">\n\t\t\t\t\t<div class=\"elementor-column elementor-col-100 elementor-top-column elementor-element elementor-element-87ebf02\" data-id=\"87ebf02\" data-element_type=\"column\" data-e-type=\"column\">\n\t\t\t<div class=\"elementor-widget-wrap elementor-element-populated\">\n\t\t\t\t\t\t<section class=\"elementor-section elementor-inner-section elementor-element elementor-element-43c0296 elementor-section-boxed elementor-section-height-default elementor-section-height-default\" data-id=\"43c0296\" data-element_type=\"section\" data-e-type=\"section\">\n\t\t\t\t\t\t<div class=\"elementor-container elementor-column-gap-default\">\n\t\t\t\t\t<div class=\"elementor-column elementor-col-100 elementor-inner-column elementor-element elementor-element-3f62b30\" data-id=\"3f62b30\" data-element_type=\"column\" data-e-type=\"column\">\n\t\t\t<div class=\"elementor-widget-wrap elementor-element-populated\">\n\t\t\t\t\t\t<div class=\"elementor-element elementor-element-cd882ab elementor-widget elementor-widget-heading\" data-id=\"cd882ab\" data-element_type=\"widget\" data-e-type=\"widget\" data-widget_type=\"heading.default\">\n\t\t\t\t<div class=\"elementor-widget-container\">\n\t\t\t\t\t<h2 class=\"elementor-heading-title elementor-size-default\">Dorner Wein - Buschenschank Dorner<\/h2>\t\t\t\t<\/div>\n\t\t\t\t<\/div>\n\t\t\t\t<div class=\"elementor-element elementor-element-a566f7b elementor-widget elementor-widget-text-editor\" data-id=\"a566f7b\" data-element_type=\"widget\" data-e-type=\"widget\" data-widget_type=\"text-editor.default\">\n\t\t\t\t<div class=\"elementor-widget-container\">\n\t\t\t\t\t\t\t\t\t<p>Webdesign: <a href=\"http:\/\/www.georgpopp.net\">Georg Popp<\/a><br \/>Texte: \u00a0<a href=\"https:\/\/www.ninapopp.com\">NINA POPP \u2013 text\u2013stories<\/a><br \/>Fotos: <a href=\"https:\/\/christastrobl.com\">Christa Strobl<\/a>, Lukas Stern<\/p><p>Alle Inhalte dieser Website, insbesondere Texte, Bilder, Grafiken und Fotos sowie deren Anordnung auf der Website unterliegen dem Schutz des Urheberrechtsgesetzes und anderer Schutzgesetze. Die Inhalte d\u00fcrfen weder ganz noch teilweise f\u00fcr kommerzielle Zwecke reproduziert oder unter Verwendung elektronischer Systeme kopiert, ver\u00e4ndert, vervielf\u00e4ltigt oder sonst wie verbreitet werden. Die Inhalte d\u00fcrfen nur im Rahmen der Schrankenbestimmungen des Urheberrechtsgesetzes vorbehaltlich weiterer anwendbarer Gesetze ohne vorherige schriftliche Zustimmung von Max Hergan \u201eQuelle: Buschenschank Dorner\u201c genutzt werden. Auf der Website sind Inhalte und Bilder enthalten, die dem Urheberrecht Dritter unterliegen. Die Unternehmerin haftet auf keinen Fall f\u00fcr direkte oder indirekte Sch\u00e4den, die sich aus der Verwendung der abgerufenen Informationen ergeben.<\/p><p><strong>Haftungshinweise externe Links<\/strong><\/p><p>Trotz sorgf\u00e4ltiger Kontrolle \u00fcbernehmen wir keine Haftung f\u00fcr die Inhalte externer Links. F\u00fcr den Inhalt der verlinkten Seiten sind ausschlie\u00dflich deren Betreiber verantwortlich.<\/p>\t\t\t\t\t\t\t\t<\/div>\n\t\t\t\t<\/div>\n\t\t\t\t\t<\/div>\n\t\t<\/div>\n\t\t\t\t\t<\/div>\n\t\t<\/section>\n\t\t\t\t\t<\/div>\n\t\t<\/div>\n\t\t\t\t\t<\/div>\n\t\t<\/section>\n\t\t\t\t<\/div>\n\t\t","protected":false},"excerpt":{"rendered":"<p>Impressum Dorner Wein &#8211; Buschenschank Dorner Webdesign: Georg PoppTexte: \u00a0NINA POPP \u2013 text\u2013storiesFotos: Christa Strobl, Lukas Stern Alle Inhalte dieser Website, insbesondere Texte, Bilder, Grafiken und Fotos sowie deren Anordnung auf der Website unterliegen dem Schutz des Urheberrechtsgesetzes und anderer Schutzgesetze. Die Inhalte d\u00fcrfen weder ganz noch teilweise f\u00fcr kommerzielle Zwecke reproduziert oder unter Verwendung [&hellip;]<\/p>\n","protected":false},"author":1,"featured_media":0,"parent":0,"menu_order":0,"comment_status":"closed","ping_status":"closed","template":"","meta":{"ocean_post_layout":"full-screen","ocean_both_sidebars_style":"","ocean_both_sidebars_content_width":0,"ocean_both_sidebars_sidebars_width":0,"ocean_sidebar":"","ocean_second_sidebar":"","ocean_disable_margins":"enable","ocean_add_body_class":"","ocean_shortcode_before_top_bar":"","ocean_shortcode_after_top_bar":"","ocean_shortcode_before_header":"","ocean_shortcode_after_header":"","ocean_has_shortcode":"","ocean_shortcode_after_title":"","ocean_shortcode_before_footer_widgets":"","ocean_shortcode_after_footer_widgets":"","ocean_shortcode_before_footer_bottom":"","ocean_shortcode_after_footer_bottom":"","ocean_display_top_bar":"default","ocean_display_header":"default","ocean_header_style":"","ocean_center_header_left_menu":"","ocean_custom_header_template":"","ocean_custom_logo":0,"ocean_custom_retina_logo":0,"ocean_custom_logo_max_width":0,"ocean_custom_logo_tablet_max_width":0,"ocean_custom_logo_mobile_max_width":0,"ocean_custom_logo_max_height":0,"ocean_custom_logo_tablet_max_height":0,"ocean_custom_logo_mobile_max_height":0,"ocean_header_custom_menu":"","ocean_menu_typo_font_family":"","ocean_menu_typo_font_subset":"","ocean_menu_typo_font_size":0,"ocean_menu_typo_font_size_tablet":0,"ocean_menu_typo_font_size_mobile":0,"ocean_menu_typo_font_size_unit":"px","ocean_menu_typo_font_weight":"","ocean_menu_typo_font_weight_tablet":"","ocean_menu_typo_font_weight_mobile":"","ocean_menu_typo_transform":"","ocean_menu_typo_transform_tablet":"","ocean_menu_typo_transform_mobile":"","ocean_menu_typo_line_height":0,"ocean_menu_typo_line_height_tablet":0,"ocean_menu_typo_line_height_mobile":0,"ocean_menu_typo_line_height_unit":"","ocean_menu_typo_spacing":0,"ocean_menu_typo_spacing_tablet":0,"ocean_menu_typo_spacing_mobile":0,"ocean_menu_typo_spacing_unit":"","ocean_menu_link_color":"","ocean_menu_link_color_hover":"","ocean_menu_link_color_active":"","ocean_menu_link_background":"","ocean_menu_link_hover_background":"","ocean_menu_link_active_background":"","ocean_menu_social_links_bg":"","ocean_menu_social_hover_links_bg":"","ocean_menu_social_links_color":"","ocean_menu_social_hover_links_color":"","ocean_disable_title":"on","ocean_disable_heading":"default","ocean_post_title":"","ocean_post_subheading":"","ocean_post_title_style":"","ocean_post_title_background_color":"","ocean_post_title_background":0,"ocean_post_title_bg_image_position":"","ocean_post_title_bg_image_attachment":"","ocean_post_title_bg_image_repeat":"","ocean_post_title_bg_image_size":"","ocean_post_title_height":0,"ocean_post_title_bg_overlay":0.5,"ocean_post_title_bg_overlay_color":"","ocean_disable_breadcrumbs":"off","ocean_breadcrumbs_color":"","ocean_breadcrumbs_separator_color":"","ocean_breadcrumbs_links_color":"","ocean_breadcrumbs_links_hover_color":"","ocean_display_footer_widgets":"default","ocean_display_footer_bottom":"default","ocean_custom_footer_template":"","footnotes":""},"class_list":["post-1770","page","type-page","status-publish","hentry","entry"],"_links":{"self":[{"href":"https:\/\/www.dornerwein.at\/index.php\/wp-json\/wp\/v2\/pages\/1770","targetHints":{"allow":["GET"]}}],"collection":[{"href":"https:\/\/www.dornerwein.at\/index.php\/wp-json\/wp\/v2\/pages"}],"about":[{"href":"https:\/\/www.dornerwein.at\/index.php\/wp-json\/wp\/v2\/types\/page"}],"author":[{"embeddable":true,"href":"https:\/\/www.dornerwein.at\/index.php\/wp-json\/wp\/v2\/users\/1"}],"replies":[{"embeddable":true,"href":"https:\/\/www.dornerwein.at\/index.php\/wp-json\/wp\/v2\/comments?post=1770"}],"version-history":[{"count":17,"href":"https:\/\/www.dornerwein.at\/index.php\/wp-json\/wp\/v2\/pages\/1770\/revisions"}],"predecessor-version":[{"id":1880,"href":"https:\/\/www.dornerwein.at\/index.php\/wp-json\/wp\/v2\/pages\/1770\/revisions\/1880"}],"wp:attachment":[{"href":"https:\/\/www.dornerwein.at\/index.php\/wp-json\/wp\/v2\/media?parent=1770"}],"curies":[{"name":"wp","href":"https:\/\/api.w.org\/{rel}","templated":true}]}}